{"id":584,"date":"2018-03-17T18:38:00","date_gmt":"2018-03-17T17:38:00","guid":{"rendered":"http:\/\/www.mona-fliesa.de\/?page_id=584"},"modified":"2021-08-06T16:43:53","modified_gmt":"2021-08-06T14:43:53","slug":"referenzen-2","status":"publish","type":"page","link":"http:\/\/www.mona-fliesa.de\/index.php\/referenzen-2\/","title":{"rendered":"Referenzen"},"content":{"rendered":"<div id=\"pl-584\"  class=\"panel-layout\" ><div id=\"pg-584-0\"  class=\"panel-grid panel-has-style\" ><div style=\"padding: 5px 0; \" data-overlay=\"true\" data-overlay-color=\"#000000\" class=\"panel-row-style panel-row-style-for-584-0\" ><div id=\"pgc-584-0-0\"  class=\"panel-grid-cell\" ><div id=\"panel-584-0-0-0\" class=\"so-panel widget widget_sow-editor panel-first-child\" data-index=\"0\" ><div style=\"text-align: left;\" data-title-color=\"#443f3f\" data-headings-color=\"#443f3f\" class=\"panel-widget-style panel-widget-style-for-584-0-0-0\" ><div class=\"so-widget-sow-editor so-widget-sow-editor-base\"><h3 class=\"widget-title\">Referenzen<\/h3>\n<div class=\"siteorigin-widget-tinymce textwidget\">\n\t<h6 style=\"text-align: center;\"><strong>Hier finden Sie eine Auswahl von uns belieferter und betreuter Objekte.<\/strong><\/h6>\n<p style=\"text-align: center;\">Wir freuen uns darauf, IHRE Vorstellungen zu verwirklichen.<\/p>\n<p style=\"text-align: center;\">Vereinbaren Sie einfach und unverbindlich einen pers\u00f6nlichen Beratungstermin:<\/p>\n<p style=\"text-align: center; font-size: 120%;\"><b>0208\/6290912<\/b><\/p>\n<p style=\"text-align: center;\">Selbstverst\u00e4ndlich k\u00f6nnen wir auf Wunsch auch Kontakt zu ausgesuchten und verl\u00e4sslichen Verlegebetrieben herstellen.<\/p>\n<\/div>\n<\/div><\/div><\/div><div id=\"panel-584-0-0-1\" class=\"so-panel widget widget_sow-editor panel-last-child\" data-index=\"1\" ><div style=\"text-align: left;\" data-title-color=\"#443f3f\" data-headings-color=\"#443f3f\" class=\"panel-widget-style panel-widget-style-for-584-0-0-1\" ><div class=\"so-widget-sow-editor so-widget-sow-editor-base\">\n<div class=\"siteorigin-widget-tinymce textwidget\">\n\t<!-- index.php -->\n<div\n\tclass=\"ngg-galleryoverview ngg-ajax-pagination-none\"\n\tid=\"ngg-gallery-b793f90c65dd96839ef882cd336a53a7-1\">\n\n    \t\t<!-- Thumbnails -->\n\t\t\t\t<div id=\"ngg-image-0\" class=\"ngg-gallery-thumbnail-box\" >\n\t\t\t\t        <div class=\"ngg-gallery-thumbnail\">\n            <a href=\"http:\/\/www.mona-fliesa.de\/wp-content\/gallery\/referenzen\/Gaeste-WC-Mona.JPG\"\n               title=\"\"\n               data-src=\"http:\/\/www.mona-fliesa.de\/wp-content\/gallery\/referenzen\/Gaeste-WC-Mona.JPG\"\n               data-thumbnail=\"http:\/\/www.mona-fliesa.de\/wp-content\/gallery\/referenzen\/thumbs\/thumbs_Gaeste-WC-Mona.JPG\"\n               data-image-id=\"132\"\n               data-title=\"Gaeste-WC-Mona\"\n               data-description=\"\"\n               data-image-slug=\"gaeste-wc-mona\"\n               class=\"ngg-fancybox\" rel=\"b793f90c65dd96839ef882cd336a53a7\">\n                <img\n                    title=\"Gaeste-WC-Mona\"\n                    alt=\"Gaeste-WC-Mona\"\n                    src=\"http:\/\/www.mona-fliesa.de\/wp-content\/gallery\/referenzen\/thumbs\/thumbs_Gaeste-WC-Mona.JPG\"\n                    width=\"240\"\n                    height=\"160\"\n                    style=\"max-width:100%;\"\n                \/>\n            <\/a>\n        <\/div>\n\t\t\t\t\t\t\t<\/div> \n\t\t\t\n        \n\t\t\t\t<div id=\"ngg-image-1\" class=\"ngg-gallery-thumbnail-box\" >\n\t\t\t\t        <div class=\"ngg-gallery-thumbnail\">\n            <a href=\"http:\/\/www.mona-fliesa.de\/wp-content\/gallery\/referenzen\/Bad-Vivi.jpg\"\n               title=\"\"\n               data-src=\"http:\/\/www.mona-fliesa.de\/wp-content\/gallery\/referenzen\/Bad-Vivi.jpg\"\n               data-thumbnail=\"http:\/\/www.mona-fliesa.de\/wp-content\/gallery\/referenzen\/thumbs\/thumbs_Bad-Vivi.jpg\"\n               data-image-id=\"134\"\n               data-title=\"Bad-Vivi\"\n               data-description=\"\"\n               data-image-slug=\"bad-vivi\"\n               class=\"ngg-fancybox\" rel=\"b793f90c65dd96839ef882cd336a53a7\">\n                <img\n                    title=\"Bad-Vivi\"\n                    alt=\"Bad-Vivi\"\n                    src=\"http:\/\/www.mona-fliesa.de\/wp-content\/gallery\/referenzen\/thumbs\/thumbs_Bad-Vivi.jpg\"\n                    width=\"240\"\n                    height=\"160\"\n                    style=\"max-width:100%;\"\n                \/>\n            <\/a>\n        <\/div>\n\t\t\t\t\t\t\t<\/div> \n\t\t\t\n        \n\t\t\t\t<div id=\"ngg-image-2\" class=\"ngg-gallery-thumbnail-box\" >\n\t\t\t\t        <div class=\"ngg-gallery-thumbnail\">\n            <a href=\"http:\/\/www.mona-fliesa.de\/wp-content\/gallery\/referenzen\/WC-Paschenda.jpg\"\n               title=\"\"\n               data-src=\"http:\/\/www.mona-fliesa.de\/wp-content\/gallery\/referenzen\/WC-Paschenda.jpg\"\n               data-thumbnail=\"http:\/\/www.mona-fliesa.de\/wp-content\/gallery\/referenzen\/thumbs\/thumbs_WC-Paschenda.jpg\"\n               data-image-id=\"135\"\n               data-title=\"WC-Paschenda\"\n               data-description=\"\"\n               data-image-slug=\"wc-paschenda\"\n               class=\"ngg-fancybox\" rel=\"b793f90c65dd96839ef882cd336a53a7\">\n                <img\n                    title=\"WC-Paschenda\"\n                    alt=\"WC-Paschenda\"\n                    src=\"http:\/\/www.mona-fliesa.de\/wp-content\/gallery\/referenzen\/thumbs\/thumbs_WC-Paschenda.jpg\"\n                    width=\"240\"\n                    height=\"160\"\n                    style=\"max-width:100%;\"\n                \/>\n            <\/a>\n        <\/div>\n\t\t\t\t\t\t\t<\/div> \n\t\t\t\n        \n\t\t\t\t<div id=\"ngg-image-3\" class=\"ngg-gallery-thumbnail-box\" >\n\t\t\t\t        <div class=\"ngg-gallery-thumbnail\">\n            <a href=\"http:\/\/www.mona-fliesa.de\/wp-content\/gallery\/referenzen\/Bad-Anja.jpg\"\n               title=\"\"\n               data-src=\"http:\/\/www.mona-fliesa.de\/wp-content\/gallery\/referenzen\/Bad-Anja.jpg\"\n               data-thumbnail=\"http:\/\/www.mona-fliesa.de\/wp-content\/gallery\/referenzen\/thumbs\/thumbs_Bad-Anja.jpg\"\n               data-image-id=\"136\"\n               data-title=\"Bad-Anja\"\n               data-description=\"\"\n               data-image-slug=\"bad-anja\"\n               class=\"ngg-fancybox\" rel=\"b793f90c65dd96839ef882cd336a53a7\">\n                <img\n                    title=\"Bad-Anja\"\n                    alt=\"Bad-Anja\"\n                    src=\"http:\/\/www.mona-fliesa.de\/wp-content\/gallery\/referenzen\/thumbs\/thumbs_Bad-Anja.jpg\"\n                    width=\"240\"\n                    height=\"160\"\n                    style=\"max-width:100%;\"\n                \/>\n            <\/a>\n        <\/div>\n\t\t\t\t\t\t\t<\/div> \n\t\t\t\n        \n\t\t\t\t<div id=\"ngg-image-4\" class=\"ngg-gallery-thumbnail-box\" >\n\t\t\t\t        <div class=\"ngg-gallery-thumbnail\">\n            <a href=\"http:\/\/www.mona-fliesa.de\/wp-content\/gallery\/referenzen\/Dusche-Anja.jpg\"\n               title=\"\"\n               data-src=\"http:\/\/www.mona-fliesa.de\/wp-content\/gallery\/referenzen\/Dusche-Anja.jpg\"\n               data-thumbnail=\"http:\/\/www.mona-fliesa.de\/wp-content\/gallery\/referenzen\/thumbs\/thumbs_Dusche-Anja.jpg\"\n               data-image-id=\"137\"\n               data-title=\"Dusche-Anja\"\n               data-description=\"\"\n               data-image-slug=\"dusche-anja\"\n               class=\"ngg-fancybox\" rel=\"b793f90c65dd96839ef882cd336a53a7\">\n                <img\n                    title=\"Dusche-Anja\"\n                    alt=\"Dusche-Anja\"\n                    src=\"http:\/\/www.mona-fliesa.de\/wp-content\/gallery\/referenzen\/thumbs\/thumbs_Dusche-Anja.jpg\"\n                    width=\"240\"\n                    height=\"160\"\n                    style=\"max-width:100%;\"\n                \/>\n            <\/a>\n        <\/div>\n\t\t\t\t\t\t\t<\/div> \n\t\t\t\n        \n\t\t\t\t<div id=\"ngg-image-5\" class=\"ngg-gallery-thumbnail-box\" >\n\t\t\t\t        <div class=\"ngg-gallery-thumbnail\">\n            <a href=\"http:\/\/www.mona-fliesa.de\/wp-content\/gallery\/referenzen\/Bad-Mona.jpg\"\n               title=\"\"\n               data-src=\"http:\/\/www.mona-fliesa.de\/wp-content\/gallery\/referenzen\/Bad-Mona.jpg\"\n               data-thumbnail=\"http:\/\/www.mona-fliesa.de\/wp-content\/gallery\/referenzen\/thumbs\/thumbs_Bad-Mona.jpg\"\n               data-image-id=\"138\"\n               data-title=\"Bad-Mona\"\n               data-description=\"\"\n               data-image-slug=\"bad-mona\"\n               class=\"ngg-fancybox\" rel=\"b793f90c65dd96839ef882cd336a53a7\">\n                <img\n                    title=\"Bad-Mona\"\n                    alt=\"Bad-Mona\"\n                    src=\"http:\/\/www.mona-fliesa.de\/wp-content\/gallery\/referenzen\/thumbs\/thumbs_Bad-Mona.jpg\"\n                    width=\"240\"\n                    height=\"160\"\n                    style=\"max-width:100%;\"\n                \/>\n            <\/a>\n        <\/div>\n\t\t\t\t\t\t\t<\/div> \n\t\t\t\n        \n\t\t\t\t<div id=\"ngg-image-6\" class=\"ngg-gallery-thumbnail-box\" >\n\t\t\t\t        <div class=\"ngg-gallery-thumbnail\">\n            <a href=\"http:\/\/www.mona-fliesa.de\/wp-content\/gallery\/referenzen\/Wanne-Bergforth.jpg\"\n               title=\"\"\n               data-src=\"http:\/\/www.mona-fliesa.de\/wp-content\/gallery\/referenzen\/Wanne-Bergforth.jpg\"\n               data-thumbnail=\"http:\/\/www.mona-fliesa.de\/wp-content\/gallery\/referenzen\/thumbs\/thumbs_Wanne-Bergforth.jpg\"\n               data-image-id=\"139\"\n               data-title=\"Wanne-Bergforth\"\n               data-description=\"\"\n               data-image-slug=\"wanne-bergforth\"\n               class=\"ngg-fancybox\" rel=\"b793f90c65dd96839ef882cd336a53a7\">\n                <img\n                    title=\"Wanne-Bergforth\"\n                    alt=\"Wanne-Bergforth\"\n                    src=\"http:\/\/www.mona-fliesa.de\/wp-content\/gallery\/referenzen\/thumbs\/thumbs_Wanne-Bergforth.jpg\"\n                    width=\"240\"\n                    height=\"160\"\n                    style=\"max-width:100%;\"\n                \/>\n            <\/a>\n        <\/div>\n\t\t\t\t\t\t\t<\/div> \n\t\t\t\n        \n\t\t\t\t<div id=\"ngg-image-7\" class=\"ngg-gallery-thumbnail-box\" >\n\t\t\t\t        <div class=\"ngg-gallery-thumbnail\">\n            <a href=\"http:\/\/www.mona-fliesa.de\/wp-content\/gallery\/referenzen\/Wohnzimmer.JPG\"\n               title=\"\"\n               data-src=\"http:\/\/www.mona-fliesa.de\/wp-content\/gallery\/referenzen\/Wohnzimmer.JPG\"\n               data-thumbnail=\"http:\/\/www.mona-fliesa.de\/wp-content\/gallery\/referenzen\/thumbs\/thumbs_Wohnzimmer.JPG\"\n               data-image-id=\"140\"\n               data-title=\"Wohnzimmer\"\n               data-description=\"\"\n               data-image-slug=\"wohnzimmer\"\n               class=\"ngg-fancybox\" rel=\"b793f90c65dd96839ef882cd336a53a7\">\n                <img\n                    title=\"Wohnzimmer\"\n                    alt=\"Wohnzimmer\"\n                    src=\"http:\/\/www.mona-fliesa.de\/wp-content\/gallery\/referenzen\/thumbs\/thumbs_Wohnzimmer.JPG\"\n                    width=\"240\"\n                    height=\"160\"\n                    style=\"max-width:100%;\"\n                \/>\n            <\/a>\n        <\/div>\n\t\t\t\t\t\t\t<\/div> \n\t\t\t\n        \n\t\t\t\t<div id=\"ngg-image-8\" class=\"ngg-gallery-thumbnail-box\" >\n\t\t\t\t        <div class=\"ngg-gallery-thumbnail\">\n            <a href=\"http:\/\/www.mona-fliesa.de\/wp-content\/gallery\/referenzen\/Treppe-Katja.jpg\"\n               title=\"\"\n               data-src=\"http:\/\/www.mona-fliesa.de\/wp-content\/gallery\/referenzen\/Treppe-Katja.jpg\"\n               data-thumbnail=\"http:\/\/www.mona-fliesa.de\/wp-content\/gallery\/referenzen\/thumbs\/thumbs_Treppe-Katja.jpg\"\n               data-image-id=\"143\"\n               data-title=\"Treppe-Katja\"\n               data-description=\"\"\n               data-image-slug=\"treppe-katja\"\n               class=\"ngg-fancybox\" rel=\"b793f90c65dd96839ef882cd336a53a7\">\n                <img\n                    title=\"Treppe-Katja\"\n                    alt=\"Treppe-Katja\"\n                    src=\"http:\/\/www.mona-fliesa.de\/wp-content\/gallery\/referenzen\/thumbs\/thumbs_Treppe-Katja.jpg\"\n                    width=\"240\"\n                    height=\"160\"\n                    style=\"max-width:100%;\"\n                \/>\n            <\/a>\n        <\/div>\n\t\t\t\t\t\t\t<\/div> \n\t\t\t\n        \n\t\t\t\t<div id=\"ngg-image-9\" class=\"ngg-gallery-thumbnail-box\" >\n\t\t\t\t        <div class=\"ngg-gallery-thumbnail\">\n            <a href=\"http:\/\/www.mona-fliesa.de\/wp-content\/gallery\/referenzen\/Bad-Bergermann.jpg\"\n               title=\"\"\n               data-src=\"http:\/\/www.mona-fliesa.de\/wp-content\/gallery\/referenzen\/Bad-Bergermann.jpg\"\n               data-thumbnail=\"http:\/\/www.mona-fliesa.de\/wp-content\/gallery\/referenzen\/thumbs\/thumbs_Bad-Bergermann.jpg\"\n               data-image-id=\"145\"\n               data-title=\"Bad-Bergermann\"\n               data-description=\"\"\n               data-image-slug=\"bad-bergermann\"\n               class=\"ngg-fancybox\" rel=\"b793f90c65dd96839ef882cd336a53a7\">\n                <img\n                    title=\"Bad-Bergermann\"\n                    alt=\"Bad-Bergermann\"\n                    src=\"http:\/\/www.mona-fliesa.de\/wp-content\/gallery\/referenzen\/thumbs\/thumbs_Bad-Bergermann.jpg\"\n                    width=\"240\"\n                    height=\"160\"\n                    style=\"max-width:100%;\"\n                \/>\n            <\/a>\n        <\/div>\n\t\t\t\t\t\t\t<\/div> \n\t\t\t\n        \n\t\t\t\t<div id=\"ngg-image-10\" class=\"ngg-gallery-thumbnail-box\" >\n\t\t\t\t        <div class=\"ngg-gallery-thumbnail\">\n            <a href=\"http:\/\/www.mona-fliesa.de\/wp-content\/gallery\/referenzen\/Thomaser-7.jpg\"\n               title=\"\"\n               data-src=\"http:\/\/www.mona-fliesa.de\/wp-content\/gallery\/referenzen\/Thomaser-7.jpg\"\n               data-thumbnail=\"http:\/\/www.mona-fliesa.de\/wp-content\/gallery\/referenzen\/thumbs\/thumbs_Thomaser-7.jpg\"\n               data-image-id=\"141\"\n               data-title=\"Thomaser-7\"\n               data-description=\"\"\n               data-image-slug=\"thomaser-7\"\n               class=\"ngg-fancybox\" rel=\"b793f90c65dd96839ef882cd336a53a7\">\n                <img\n                    title=\"Thomaser-7\"\n                    alt=\"Thomaser-7\"\n                    src=\"http:\/\/www.mona-fliesa.de\/wp-content\/gallery\/referenzen\/thumbs\/thumbs_Thomaser-7.jpg\"\n                    width=\"240\"\n                    height=\"160\"\n                    style=\"max-width:100%;\"\n                \/>\n            <\/a>\n        <\/div>\n\t\t\t\t\t\t\t<\/div> \n\t\t\t\n        \n\t\t\t\t<div id=\"ngg-image-11\" class=\"ngg-gallery-thumbnail-box\" >\n\t\t\t\t        <div class=\"ngg-gallery-thumbnail\">\n            <a href=\"http:\/\/www.mona-fliesa.de\/wp-content\/gallery\/referenzen\/Waschtisch-Paschenda.jpg\"\n               title=\"\"\n               data-src=\"http:\/\/www.mona-fliesa.de\/wp-content\/gallery\/referenzen\/Waschtisch-Paschenda.jpg\"\n               data-thumbnail=\"http:\/\/www.mona-fliesa.de\/wp-content\/gallery\/referenzen\/thumbs\/thumbs_Waschtisch-Paschenda.jpg\"\n               data-image-id=\"142\"\n               data-title=\"Waschtisch-Paschenda\"\n               data-description=\"\"\n               data-image-slug=\"waschtisch-paschenda\"\n               class=\"ngg-fancybox\" rel=\"b793f90c65dd96839ef882cd336a53a7\">\n                <img\n                    title=\"Waschtisch-Paschenda\"\n                    alt=\"Waschtisch-Paschenda\"\n                    src=\"http:\/\/www.mona-fliesa.de\/wp-content\/gallery\/referenzen\/thumbs\/thumbs_Waschtisch-Paschenda.jpg\"\n                    width=\"240\"\n                    height=\"160\"\n                    style=\"max-width:100%;\"\n                \/>\n            <\/a>\n        <\/div>\n\t\t\t\t\t\t\t<\/div> \n\t\t\t\n        \n\t\t\t\t<div id=\"ngg-image-12\" class=\"ngg-gallery-thumbnail-box\" >\n\t\t\t\t        <div class=\"ngg-gallery-thumbnail\">\n            <a href=\"http:\/\/www.mona-fliesa.de\/wp-content\/gallery\/referenzen\/Gaeste-WC-Schacht.jpg\"\n               title=\"\"\n               data-src=\"http:\/\/www.mona-fliesa.de\/wp-content\/gallery\/referenzen\/Gaeste-WC-Schacht.jpg\"\n               data-thumbnail=\"http:\/\/www.mona-fliesa.de\/wp-content\/gallery\/referenzen\/thumbs\/thumbs_Gaeste-WC-Schacht.jpg\"\n               data-image-id=\"144\"\n               data-title=\"Gaeste-WC-Schacht\"\n               data-description=\"\"\n               data-image-slug=\"gaeste-wc-schacht\"\n               class=\"ngg-fancybox\" rel=\"b793f90c65dd96839ef882cd336a53a7\">\n                <img\n                    title=\"Gaeste-WC-Schacht\"\n                    alt=\"Gaeste-WC-Schacht\"\n                    src=\"http:\/\/www.mona-fliesa.de\/wp-content\/gallery\/referenzen\/thumbs\/thumbs_Gaeste-WC-Schacht.jpg\"\n                    width=\"240\"\n                    height=\"160\"\n                    style=\"max-width:100%;\"\n                \/>\n            <\/a>\n        <\/div>\n\t\t\t\t\t\t\t<\/div> \n\t\t\t\n        \n\t\t\t\t<div id=\"ngg-image-13\" class=\"ngg-gallery-thumbnail-box\" >\n\t\t\t\t        <div class=\"ngg-gallery-thumbnail\">\n            <a href=\"http:\/\/www.mona-fliesa.de\/wp-content\/gallery\/referenzen\/1_Bad-Mona.jpg\"\n               title=\"\"\n               data-src=\"http:\/\/www.mona-fliesa.de\/wp-content\/gallery\/referenzen\/1_Bad-Mona.jpg\"\n               data-thumbnail=\"http:\/\/www.mona-fliesa.de\/wp-content\/gallery\/referenzen\/thumbs\/thumbs_1_Bad-Mona.jpg\"\n               data-image-id=\"146\"\n               data-title=\"1_Bad-Mona\"\n               data-description=\"\"\n               data-image-slug=\"1_bad-mona\"\n               class=\"ngg-fancybox\" rel=\"b793f90c65dd96839ef882cd336a53a7\">\n                <img\n                    title=\"1_Bad-Mona\"\n                    alt=\"1_Bad-Mona\"\n                    src=\"http:\/\/www.mona-fliesa.de\/wp-content\/gallery\/referenzen\/thumbs\/thumbs_1_Bad-Mona.jpg\"\n                    width=\"240\"\n                    height=\"160\"\n                    style=\"max-width:100%;\"\n                \/>\n            <\/a>\n        <\/div>\n\t\t\t\t\t\t\t<\/div> \n\t\t\t\n        \n\t\t\n\t\t<!-- Pagination -->\n\t<div class='ngg-clear'><\/div>\t<\/div>\n\n<\/div>\n<\/div><\/div><\/div><\/div><\/div><\/div><\/div>","protected":false},"excerpt":{"rendered":"<p>Hier finden Sie eine Auswahl von uns belieferter und betreuter Objekte. Wir freuen uns darauf, IHRE Vorstellungen zu verwirklichen. Vereinbaren Sie einfach und unverbindlich einen pers\u00f6nlichen Beratungstermin: 0208\/6290912 Selbstverst\u00e4ndlich k\u00f6nnen wir auf Wunsch auch Kontakt zu ausgesuchten und verl\u00e4sslichen Verlegebetrieben herstellen. &#8220; order_by=&#8220;sortorder&#8220; order_direction=&#8220;ASC&#8220; returns=&#8220;included&#8220; maximum_entity_count=&#8220;500&#8243;]&nbsp;<\/p>\n","protected":false},"author":1,"featured_media":0,"parent":0,"menu_order":0,"comment_status":"closed","ping_status":"closed","template":"page-templates\/page_fullwidth.php","meta":{"ngg_post_thumbnail":0},"_links":{"self":[{"href":"http:\/\/www.mona-fliesa.de\/index.php\/wp-json\/wp\/v2\/pages\/584"}],"collection":[{"href":"http:\/\/www.mona-fliesa.de\/index.php\/wp-json\/wp\/v2\/pages"}],"about":[{"href":"http:\/\/www.mona-fliesa.de\/index.php\/wp-json\/wp\/v2\/types\/page"}],"author":[{"embeddable":true,"href":"http:\/\/www.mona-fliesa.de\/index.php\/wp-json\/wp\/v2\/users\/1"}],"replies":[{"embeddable":true,"href":"http:\/\/www.mona-fliesa.de\/index.php\/wp-json\/wp\/v2\/comments?post=584"}],"version-history":[{"count":27,"href":"http:\/\/www.mona-fliesa.de\/index.php\/wp-json\/wp\/v2\/pages\/584\/revisions"}],"predecessor-version":[{"id":718,"href":"http:\/\/www.mona-fliesa.de\/index.php\/wp-json\/wp\/v2\/pages\/584\/revisions\/718"}],"wp:attachment":[{"href":"http:\/\/www.mona-fliesa.de\/index.php\/wp-json\/wp\/v2\/media?parent=584"}],"curies":[{"name":"wp","href":"https:\/\/api.w.org\/{rel}","templated":true}]}}