{"id":25,"date":"2016-11-29T17:55:08","date_gmt":"2016-11-29T16:55:08","guid":{"rendered":"http:\/\/www.mona-fliesa.de\/?page_id=25"},"modified":"2016-11-29T17:56:32","modified_gmt":"2016-11-29T16:56:32","slug":"anfahrt","status":"publish","type":"page","link":"http:\/\/www.mona-fliesa.de\/index.php\/anfahrt\/","title":{"rendered":"anfahrt"},"content":{"rendered":"<div id=\"pl-25\"  class=\"panel-layout\" ><div id=\"pg-25-0\"  class=\"panel-grid panel-has-style\" ><div style=\"padding: 100px 0; \" data-overlay=\"true\" data-overlay-color=\"#000000\" class=\"panel-row-style panel-row-style-for-25-0\" ><div id=\"pgc-25-0-0\"  class=\"panel-grid-cell\" ><div id=\"panel-25-0-0-0\" class=\"so-panel widget widget_sow-editor panel-first-child panel-last-child\" data-index=\"0\" ><div style=\"text-align: left;\" data-title-color=\"#443f3f\" data-headings-color=\"#443f3f\" class=\"panel-widget-style panel-widget-style-for-25-0-0-0\" ><div class=\"so-widget-sow-editor so-widget-sow-editor-base\">\n<div class=\"siteorigin-widget-tinymce textwidget\">\n\t<div><b>So erreichen Sie unser<br \/>Fliesenfachgesch\u00e4ft in Oberhausen:<\/b><\/div>\n<p><span class=\"m\"><\/p>\n<p>\u00dcber die Autobahn A3 von K\u00f6ln oder Hannover kommend jeweils in Richtung Oberhausen bis zur Ausfahrt Oberhausen-Holten; am Ende der Ausfahrt links und dem Stra\u00dfenverlauf bis zum Kreisverkehr folgen; dort links (3. Ausfahrt des Kreisverkehrs) in die Weierstra\u00dfe einbiegen. Der Stra\u00dfe bis zur n\u00e4chsten beampelten Kreuzung folgen. An der Ampel auf die rechte Spur einordnen und geradeaus in die J\u00e4gerstra\u00dfe fahren; an der 2. Stra\u00dfe rechts abbiegen. Nach etwa 700 Metern befindet sich auf der linken Seite die Hausnummer 121, wo Sie unsere Ausstellung und unser B\u00fcro erwartet.<\/p>\n<p><\/span><\/p>\n<div align=\"center\"><b>J\u00e4gerstra\u00dfe 121, 46149 Oberhausen<\/b><\/div>\n<p><span class=\"m\"><br \/>Bei Fragen erreichen Sie uns auch unter der Nummer 0208-6290 912 oder 0173-8622 869.<\/span><\/p>\n<\/div>\n<\/div><\/div><\/div><\/div><div id=\"pgc-25-0-1\"  class=\"panel-grid-cell\" ><div id=\"panel-25-0-1-0\" class=\"so-panel widget widget_sow-editor panel-first-child panel-last-child\" data-index=\"1\" ><div style=\"text-align: left;\" data-title-color=\"#443f3f\" data-headings-color=\"#443f3f\" class=\"panel-widget-style panel-widget-style-for-25-0-1-0\" ><div class=\"so-widget-sow-editor so-widget-sow-editor-base\">\n<div class=\"siteorigin-widget-tinymce textwidget\">\n\t<p><iframe loading=\"lazy\" style=\"border: 0;\" src=\"https:\/\/www.google.com\/maps\/embed?pb=!1m18!1m12!1m3!1d2481.8482383968044!2d6.839691315807229!3d51.53434331655371!2m3!1f0!2f0!3f0!3m2!1i1024!2i768!4f13.1!3m3!1m2!1s0x47b8eb2507095ac9%3A0x5fbc1205949f4676!2sJ%C3%A4gerstra%C3%9Fe+121%2C+46149+Oberhausen%2C+Deutschland!5e0!3m2!1sde!2sus!4v1480438363066\" width=\"400\" height=\"300\" frameborder=\"0\" allowfullscreen=\"allowfullscreen\"><\/iframe><\/p>\n<\/div>\n<\/div><\/div><\/div><\/div><\/div><\/div><\/div>","protected":false},"excerpt":{"rendered":"<p>So erreichen Sie unserFliesenfachgesch\u00e4ft in Oberhausen:\u00dcber die Autobahn A3 von K\u00f6ln oder Hannover kommend jeweils in Richtung Oberhausen bis zur Ausfahrt Oberhausen-Holten; am Ende der Ausfahrt links und dem Stra\u00dfenverlauf bis zum Kreisverkehr folgen; dort links (3. Ausfahrt des Kreisverkehrs) in die Weierstra\u00dfe einbiegen. Der Stra\u00dfe bis zur n\u00e4chsten beampelten Kreuzung folgen. An der Ampel [&hellip;]<\/p>\n","protected":false},"author":1,"featured_media":0,"parent":0,"menu_order":0,"comment_status":"closed","ping_status":"closed","template":"page-templates\/page_fullwidth.php","meta":{"ngg_post_thumbnail":0},"_links":{"self":[{"href":"http:\/\/www.mona-fliesa.de\/index.php\/wp-json\/wp\/v2\/pages\/25"}],"collection":[{"href":"http:\/\/www.mona-fliesa.de\/index.php\/wp-json\/wp\/v2\/pages"}],"about":[{"href":"http:\/\/www.mona-fliesa.de\/index.php\/wp-json\/wp\/v2\/types\/page"}],"author":[{"embeddable":true,"href":"http:\/\/www.mona-fliesa.de\/index.php\/wp-json\/wp\/v2\/users\/1"}],"replies":[{"embeddable":true,"href":"http:\/\/www.mona-fliesa.de\/index.php\/wp-json\/wp\/v2\/comments?post=25"}],"version-history":[{"count":7,"href":"http:\/\/www.mona-fliesa.de\/index.php\/wp-json\/wp\/v2\/pages\/25\/revisions"}],"predecessor-version":[{"id":32,"href":"http:\/\/www.mona-fliesa.de\/index.php\/wp-json\/wp\/v2\/pages\/25\/revisions\/32"}],"wp:attachment":[{"href":"http:\/\/www.mona-fliesa.de\/index.php\/wp-json\/wp\/v2\/media?parent=25"}],"curies":[{"name":"wp","href":"https:\/\/api.w.org\/{rel}","templated":true}]}}