{"id":237,"date":"2017-02-17T15:58:47","date_gmt":"2017-02-17T14:58:47","guid":{"rendered":"http:\/\/www.mona-fliesa.de\/?page_id=237"},"modified":"2018-03-18T13:19:17","modified_gmt":"2018-03-18T12:19:17","slug":"mona-fliesa","status":"publish","type":"page","link":"http:\/\/www.mona-fliesa.de\/","title":{"rendered":"Mona Fliesa"},"content":{"rendered":"<div id=\"pl-237\"  class=\"panel-layout\" ><div id=\"pg-237-0\"  class=\"panel-grid panel-has-style\" ><div class=\"siteorigin-panels-stretch panel-row-style panel-row-style-for-237-0\" style=\"padding: 1px 0; \" data-stretch-type=\"full\" data-overlay=\"true\" data-overlay-color=\"#000000\" ><div id=\"pgc-237-0-0\"  class=\"panel-grid-cell\" ><div id=\"panel-237-0-0-0\" class=\"so-panel widget widget_sow-editor panel-first-child panel-last-child\" data-index=\"0\" ><div style=\"text-align: left;\" data-title-color=\"#443f3f\" data-headings-color=\"#443f3f\" class=\"panel-widget-style panel-widget-style-for-237-0-0-0\" ><div class=\"so-widget-sow-editor so-widget-sow-editor-base\"><h3 class=\"widget-title\">Willkommen!<\/h3>\n<div class=\"siteorigin-widget-tinymce textwidget\">\n\t<div style=\"text-align: justify;\"><span class=\"m\">Sehr geehrter Kunde,<\/span><br \/>\ngerne w\u00fcrden wir Sie in unserer Fliesenausstellung in Oberhausen begr\u00fc\u00dfen. Lassen Sie sich in einer angenehmen Atmosph\u00e4re individuell und umfassend beraten.<\/p>\n<p>Ob Boden, Bad, K\u00fcche oder Terasse: Bei uns finden Sie das richtige Material, die richtigen Fliesen f\u00fcr Ihre Anspr\u00fcche. H\u00f6chste Qualit\u00e4t ist die Grundvoraussetzung f\u00fcr langw\u00e4hrende Freude an neuen Fliesenbel\u00e4gen.<\/p>\n<p>Unser Ziel ist es, mit unserer langj\u00e4hrigen Erfahrung zur Verwirklichung Ihrer Tr\u00e4ume beizutragen. Vereinbaren Sie doch gleich einen unverbindlichen Termin.<\/p>\n<p>Wir freuen uns auf Ihren Besuch!<\/p><\/div>\n<p><img loading=\"lazy\" class=\"size-full wp-image-11\" src=\"http:\/\/www.mona-fliesa.de\/wp-content\/uploads\/2016\/11\/MonaFliesaTeam.png\" sizes=\"(max-width: 252px) 100vw, 252px\" srcset=\"http:\/\/www.mona-fliesa.de\/wp-content\/uploads\/2016\/11\/MonaFliesaTeam.png 252w, http:\/\/www.mona-fliesa.de\/wp-content\/uploads\/2016\/11\/MonaFliesaTeam-230x18.png 230w\" alt=\"Mona Fliesa Team\" width=\"252\" height=\"20\"\/><\/p>\n<\/div>\n<\/div><\/div><\/div><\/div><div id=\"pgc-237-0-1\"  class=\"panel-grid-cell\" ><div id=\"panel-237-0-1-0\" class=\"so-panel widget widget_sow-slider panel-first-child panel-last-child\" data-index=\"1\" ><div style=\"text-align: left;\" data-title-color=\"#443f3f\" data-headings-color=\"#443f3f\" class=\"panel-widget-style panel-widget-style-for-237-0-1-0\" ><div class=\"so-widget-sow-slider so-widget-sow-slider-default-53fd0f98de19-237\"><div class=\"sow-slider-base\" style=\"display: none\"><ul class=\"sow-slider-images\" data-settings=\"{&quot;pagination&quot;:true,&quot;speed&quot;:800,&quot;timeout&quot;:3500,&quot;paused&quot;:false,&quot;pause_on_hover&quot;:false,&quot;swipe&quot;:true,&quot;nav_always_show_desktop&quot;:&quot;&quot;,&quot;nav_always_show_mobile&quot;:&quot;&quot;,&quot;breakpoint&quot;:&quot;780px&quot;}\">\t\t<li class=\"sow-slider-image\" style=\"\" >\n\t\t\t\t\t\t<div class=\"sow-slider-image-container\">\n\t\t\t\t<div class=\"sow-slider-image-wrapper\" style=\"max-width: 600px\">\n\t\t\t\t\t\t\t\t\t\t<div class=\"sow-slider-image-foreground-wrapper\">\n\t\t\t\t\t\t<img width=\"600\" height=\"600\" src=\"http:\/\/www.mona-fliesa.de\/wp-content\/uploads\/2018\/03\/mf_wk18_002.jpg\" class=\"sow-slider-foreground-image skip-lazy\" alt=\"\" loading=\"eager\" style=\"\" srcset=\"http:\/\/www.mona-fliesa.de\/wp-content\/uploads\/2018\/03\/mf_wk18_002.jpg 600w, http:\/\/www.mona-fliesa.de\/wp-content\/uploads\/2018\/03\/mf_wk18_002-150x150.jpg 150w, http:\/\/www.mona-fliesa.de\/wp-content\/uploads\/2018\/03\/mf_wk18_002-300x300.jpg 300w, http:\/\/www.mona-fliesa.de\/wp-content\/uploads\/2018\/03\/mf_wk18_002-230x230.jpg 230w, http:\/\/www.mona-fliesa.de\/wp-content\/uploads\/2018\/03\/mf_wk18_002-350x350.jpg 350w, http:\/\/www.mona-fliesa.de\/wp-content\/uploads\/2018\/03\/mf_wk18_002-480x480.jpg 480w\" sizes=\"(max-width: 600px) 100vw, 600px\" \/>\t\t\t\t\t<\/div>\n\t\t\t\t\t\t\t\t\t<\/div>\n\t\t\t<\/div>\n\t\t\t\t\t<\/li>\n\t\t\t\t<li class=\"sow-slider-image\" style=\"\" >\n\t\t\t\t\t\t<div class=\"sow-slider-image-container\">\n\t\t\t\t<div class=\"sow-slider-image-wrapper\" style=\"max-width: 600px\">\n\t\t\t\t\t\t\t\t\t\t<div class=\"sow-slider-image-foreground-wrapper\">\n\t\t\t\t\t\t<img width=\"600\" height=\"600\" src=\"http:\/\/www.mona-fliesa.de\/wp-content\/uploads\/2018\/03\/mf_wk18_001.jpg\" class=\"sow-slider-foreground-image skip-lazy\" alt=\"\" loading=\"eager\" style=\"\" srcset=\"http:\/\/www.mona-fliesa.de\/wp-content\/uploads\/2018\/03\/mf_wk18_001.jpg 600w, http:\/\/www.mona-fliesa.de\/wp-content\/uploads\/2018\/03\/mf_wk18_001-150x150.jpg 150w, http:\/\/www.mona-fliesa.de\/wp-content\/uploads\/2018\/03\/mf_wk18_001-300x300.jpg 300w, http:\/\/www.mona-fliesa.de\/wp-content\/uploads\/2018\/03\/mf_wk18_001-230x230.jpg 230w, http:\/\/www.mona-fliesa.de\/wp-content\/uploads\/2018\/03\/mf_wk18_001-350x350.jpg 350w, http:\/\/www.mona-fliesa.de\/wp-content\/uploads\/2018\/03\/mf_wk18_001-480x480.jpg 480w\" sizes=\"(max-width: 600px) 100vw, 600px\" \/>\t\t\t\t\t<\/div>\n\t\t\t\t\t\t\t\t\t<\/div>\n\t\t\t<\/div>\n\t\t\t\t\t<\/li>\n\t\t\t\t<li class=\"sow-slider-image\" style=\"\" >\n\t\t\t\t\t\t<div class=\"sow-slider-image-container\">\n\t\t\t\t<div class=\"sow-slider-image-wrapper\" style=\"max-width: 600px\">\n\t\t\t\t\t\t\t\t\t\t<div class=\"sow-slider-image-foreground-wrapper\">\n\t\t\t\t\t\t<img width=\"600\" height=\"600\" src=\"http:\/\/www.mona-fliesa.de\/wp-content\/uploads\/2018\/03\/mf_wk18_005.jpg\" class=\"sow-slider-foreground-image skip-lazy\" alt=\"\" loading=\"eager\" style=\"\" srcset=\"http:\/\/www.mona-fliesa.de\/wp-content\/uploads\/2018\/03\/mf_wk18_005.jpg 600w, http:\/\/www.mona-fliesa.de\/wp-content\/uploads\/2018\/03\/mf_wk18_005-150x150.jpg 150w, http:\/\/www.mona-fliesa.de\/wp-content\/uploads\/2018\/03\/mf_wk18_005-300x300.jpg 300w, http:\/\/www.mona-fliesa.de\/wp-content\/uploads\/2018\/03\/mf_wk18_005-230x230.jpg 230w, http:\/\/www.mona-fliesa.de\/wp-content\/uploads\/2018\/03\/mf_wk18_005-350x350.jpg 350w, http:\/\/www.mona-fliesa.de\/wp-content\/uploads\/2018\/03\/mf_wk18_005-480x480.jpg 480w\" sizes=\"(max-width: 600px) 100vw, 600px\" \/>\t\t\t\t\t<\/div>\n\t\t\t\t\t\t\t\t\t<\/div>\n\t\t\t<\/div>\n\t\t\t\t\t<\/li>\n\t\t\t\t<li class=\"sow-slider-image\" style=\"\" >\n\t\t\t\t\t\t<div class=\"sow-slider-image-container\">\n\t\t\t\t<div class=\"sow-slider-image-wrapper\" style=\"max-width: 600px\">\n\t\t\t\t\t\t\t\t\t\t<div class=\"sow-slider-image-foreground-wrapper\">\n\t\t\t\t\t\t<img width=\"600\" height=\"600\" src=\"http:\/\/www.mona-fliesa.de\/wp-content\/uploads\/2018\/03\/mf_wk18_004.jpg\" class=\"sow-slider-foreground-image skip-lazy\" alt=\"\" loading=\"eager\" style=\"\" srcset=\"http:\/\/www.mona-fliesa.de\/wp-content\/uploads\/2018\/03\/mf_wk18_004.jpg 600w, http:\/\/www.mona-fliesa.de\/wp-content\/uploads\/2018\/03\/mf_wk18_004-150x150.jpg 150w, http:\/\/www.mona-fliesa.de\/wp-content\/uploads\/2018\/03\/mf_wk18_004-300x300.jpg 300w, http:\/\/www.mona-fliesa.de\/wp-content\/uploads\/2018\/03\/mf_wk18_004-230x230.jpg 230w, http:\/\/www.mona-fliesa.de\/wp-content\/uploads\/2018\/03\/mf_wk18_004-350x350.jpg 350w, http:\/\/www.mona-fliesa.de\/wp-content\/uploads\/2018\/03\/mf_wk18_004-480x480.jpg 480w\" sizes=\"(max-width: 600px) 100vw, 600px\" \/>\t\t\t\t\t<\/div>\n\t\t\t\t\t\t\t\t\t<\/div>\n\t\t\t<\/div>\n\t\t\t\t\t<\/li>\n\t\t\t\t<li class=\"sow-slider-image\" style=\"\" >\n\t\t\t\t\t\t<div class=\"sow-slider-image-container\">\n\t\t\t\t<div class=\"sow-slider-image-wrapper\" style=\"max-width: 600px\">\n\t\t\t\t\t\t\t\t\t\t<div class=\"sow-slider-image-foreground-wrapper\">\n\t\t\t\t\t\t<img width=\"600\" height=\"600\" src=\"http:\/\/www.mona-fliesa.de\/wp-content\/uploads\/2018\/03\/mf_wk18_003.jpg\" class=\"sow-slider-foreground-image skip-lazy\" alt=\"\" loading=\"eager\" style=\"\" srcset=\"http:\/\/www.mona-fliesa.de\/wp-content\/uploads\/2018\/03\/mf_wk18_003.jpg 600w, http:\/\/www.mona-fliesa.de\/wp-content\/uploads\/2018\/03\/mf_wk18_003-150x150.jpg 150w, http:\/\/www.mona-fliesa.de\/wp-content\/uploads\/2018\/03\/mf_wk18_003-300x300.jpg 300w, http:\/\/www.mona-fliesa.de\/wp-content\/uploads\/2018\/03\/mf_wk18_003-230x230.jpg 230w, http:\/\/www.mona-fliesa.de\/wp-content\/uploads\/2018\/03\/mf_wk18_003-350x350.jpg 350w, http:\/\/www.mona-fliesa.de\/wp-content\/uploads\/2018\/03\/mf_wk18_003-480x480.jpg 480w\" sizes=\"(max-width: 600px) 100vw, 600px\" \/>\t\t\t\t\t<\/div>\n\t\t\t\t\t\t\t\t\t<\/div>\n\t\t\t<\/div>\n\t\t\t\t\t<\/li>\n\t\t<\/ul>\t\t\t\t<ol class=\"sow-slider-pagination\">\n\t\t\t\t\t\t\t\t\t\t\t<li><a href=\"#\" data-goto=\"0\" aria-label=\"display slide 1\"><\/a><\/li>\n\t\t\t\t\t\t\t\t\t\t\t<li><a href=\"#\" data-goto=\"1\" aria-label=\"display slide 2\"><\/a><\/li>\n\t\t\t\t\t\t\t\t\t\t\t<li><a href=\"#\" data-goto=\"2\" aria-label=\"display slide 3\"><\/a><\/li>\n\t\t\t\t\t\t\t\t\t\t\t<li><a href=\"#\" data-goto=\"3\" aria-label=\"display slide 4\"><\/a><\/li>\n\t\t\t\t\t\t\t\t\t\t\t<li><a href=\"#\" data-goto=\"4\" aria-label=\"display slide 5\"><\/a><\/li>\n\t\t\t\t\t\t\t\t\t<\/ol>\n\n\t\t\t\t<div class=\"sow-slide-nav sow-slide-nav-next\">\n\t\t\t\t\t<a href=\"#\" data-goto=\"next\" aria-label=\"next slide\" data-action=\"next\">\n\t\t\t\t\t\t<em class=\"sow-sld-icon-thin-right\"><\/em>\n\t\t\t\t\t<\/a>\n\t\t\t\t<\/div>\n\n\t\t\t\t<div class=\"sow-slide-nav sow-slide-nav-prev\">\n\t\t\t\t\t<a href=\"#\" data-goto=\"previous\" aria-label=\"previous slide\" data-action=\"prev\">\n\t\t\t\t\t\t<em class=\"sow-sld-icon-thin-left\"><\/em>\n\t\t\t\t\t<\/a>\n\t\t\t\t<\/div>\n\t\t\t\t<\/div><\/div><\/div><\/div><\/div><\/div><\/div><\/div>","protected":false},"excerpt":{"rendered":"<p>Sehr geehrter Kunde, gerne w\u00fcrden wir Sie in unserer Fliesenausstellung in Oberhausen begr\u00fc\u00dfen. Lassen Sie sich in einer angenehmen Atmosph\u00e4re individuell und umfassend beraten. Ob Boden, Bad, K\u00fcche oder Terasse: Bei uns finden Sie das richtige Material, die richtigen Fliesen f\u00fcr Ihre Anspr\u00fcche. H\u00f6chste Qualit\u00e4t ist die Grundvoraussetzung f\u00fcr langw\u00e4hrende Freude an neuen Fliesenbel\u00e4gen. Unser [&hellip;]<\/p>\n","protected":false},"author":1,"featured_media":0,"parent":0,"menu_order":0,"comment_status":"closed","ping_status":"closed","template":"page-templates\/page_fullwidth.php","meta":{"ngg_post_thumbnail":0},"_links":{"self":[{"href":"http:\/\/www.mona-fliesa.de\/index.php\/wp-json\/wp\/v2\/pages\/237"}],"collection":[{"href":"http:\/\/www.mona-fliesa.de\/index.php\/wp-json\/wp\/v2\/pages"}],"about":[{"href":"http:\/\/www.mona-fliesa.de\/index.php\/wp-json\/wp\/v2\/types\/page"}],"author":[{"embeddable":true,"href":"http:\/\/www.mona-fliesa.de\/index.php\/wp-json\/wp\/v2\/users\/1"}],"replies":[{"embeddable":true,"href":"http:\/\/www.mona-fliesa.de\/index.php\/wp-json\/wp\/v2\/comments?post=237"}],"version-history":[{"count":20,"href":"http:\/\/www.mona-fliesa.de\/index.php\/wp-json\/wp\/v2\/pages\/237\/revisions"}],"predecessor-version":[{"id":623,"href":"http:\/\/www.mona-fliesa.de\/index.php\/wp-json\/wp\/v2\/pages\/237\/revisions\/623"}],"wp:attachment":[{"href":"http:\/\/www.mona-fliesa.de\/index.php\/wp-json\/wp\/v2\/media?parent=237"}],"curies":[{"name":"wp","href":"https:\/\/api.w.org\/{rel}","templated":true}]}}